{"id":2,"date":"2022-12-28T18:08:43","date_gmt":"2022-12-28T18:08:43","guid":{"rendered":"http:\/\/idm314.apm.pt\/?page_id=2"},"modified":"2022-12-30T10:07:05","modified_gmt":"2022-12-30T10:07:05","slug":"pagina-exemplo","status":"publish","type":"page","link":"https:\/\/idm314.apm.pt\/","title":{"rendered":"IDM 314 | 2023"},"content":{"rendered":"<div class=\"wp-block-image\">\n<figure class=\"aligncenter size-full\"><img loading=\"lazy\" decoding=\"async\" width=\"375\" height=\"150\" src=\"https:\/\/idm314.apm.pt\/wp-content\/uploads\/2022\/12\/apm_logo_site.png\" alt=\"\" class=\"wp-image-64\" srcset=\"https:\/\/idm314.apm.pt\/wp-content\/uploads\/2022\/12\/apm_logo_site.png 375w, https:\/\/idm314.apm.pt\/wp-content\/uploads\/2022\/12\/apm_logo_site-300x120.png 300w\" sizes=\"auto, (max-width: 375px) 100vw, 375px\" \/><\/figure>\n<\/div>\n\n\n<div class=\"wp-block-columns is-layout-flex wp-container-core-columns-is-layout-9d6595d7 wp-block-columns-is-layout-flex\">\n<div class=\"wp-block-column is-layout-flow wp-block-column-is-layout-flow\">\n<p>A 40\u00aa Confer\u00eancia Geral da UNESCO proclamou o 14 de Mar\u00e7o de cada ano como <strong>Dia Internacional da Matem\u00e1tica<\/strong> (40C\/Resolu\u00e7\u00e3o 30 de 26 de Novembro de 2019). Em muitos pa\u00edses, o <strong>14 de Mar\u00e7o (3\/14)<\/strong> j\u00e1 foi celebrado como <strong>Dia Pi<\/strong>, pelo que a resolu\u00e7\u00e3o da UNESCO consolida o actual reconhecimento da matem\u00e1tica pelo seu importante papel na abordagem dos desafios do nosso tempo em \u00e1reas como a intelig\u00eancia artificial, sa\u00fade, altera\u00e7\u00f5es clim\u00e1ticas, energia e desenvolvimento sustent\u00e1vel e na melhoria da qualidade de vida da sociedade em geral.<\/p>\n\n\n\n<p>Como parte desta celebra\u00e7\u00e3o, \u00e9 proposto todos os anos um novo tema para encorajar a participa\u00e7\u00e3o, despertar a criatividade e lan\u00e7ar luz sobre as liga\u00e7\u00f5es entre a matem\u00e1tica e todos os tipos de campos, conceitos e ideias. Para a primeira edi\u00e7\u00e3o oficial em 2020, o tema escolhido foi Matem\u00e1tica est\u00e1 em todo o lado, que visava mostrar ao p\u00fablico a import\u00e2ncia da Matem\u00e1tica na nossa vida quotidiana. Para 2021, o tema foi Matem\u00e1tica para um mundo melhor, que insistiu na import\u00e2ncia da matem\u00e1tica na melhoria da qualidade de vida, num aceno claro ao papel que desempenhou na actual pandemia como ferramenta insubstitu\u00edvel para a monitoriza\u00e7\u00e3o e compreens\u00e3o do fen\u00f3meno COVID-19.<\/p>\n\n\n\n<p>Para este ano <strong>2023<\/strong>, foi decidido que o tema ser<strong>\u00e1 Matem\u00e1tica para todos \/ Matem\u00e1ticas para todo o mundo<\/strong>. O tema foi proposto por <strong>Marco Zarco Rotairo<\/strong> da escola secund\u00e1ria nacional &#8220;Treze M\u00e1rtires&#8221; em Indang, Cavite, Filipinas, com a seguinte argumenta\u00e7\u00e3o: &#8220;Creio que a Matem\u00e1tica deveria ser para todos porque todos n\u00f3s temos capacidade matem\u00e1tica, mas apenas numa extens\u00e3o e grau diferentes. Al\u00e9m disso, devemos deixar que todos desfrutem das maravilhas da Matem\u00e1tica. A no\u00e7\u00e3o de que a Matem\u00e1tica \u00e9 apenas para os dotados e os g\u00e9nios devem mudar&#8221;.<\/p>\n<\/div>\n\n\n\n<div class=\"wp-block-column is-layout-flow wp-block-column-is-layout-flow\">\n\n\n\n\n<p><\/p>\n\n\n\n<p><\/p>\n<\/div>\n<\/div>\n\n\n\n<p>A fim de encorajar estudantes de diferentes n\u00edveis educacionais a participar nesta importante data, a CEMAT e as suas sociedades membros est\u00e3o a organizar v\u00e1rios concursos e uma grande cerim\u00f3nia de entrega de pr\u00e9mios e celebra\u00e7\u00e3o do Dia Internacional da Matem\u00e1tica.<\/p>\n\n\n\n<p class=\"has-large-font-size\"><strong>Matem\u00e1tica para todos<\/strong><\/p>\n\n\n\n<div class=\"wp-block-columns is-layout-flex wp-container-core-columns-is-layout-9d6595d7 wp-block-columns-is-layout-flex\">\n<div class=\"wp-block-column is-layout-flow wp-block-column-is-layout-flow\">\n<figure class=\"wp-block-image size-full\"><img loading=\"lazy\" decoding=\"async\" width=\"800\" height=\"600\" src=\"https:\/\/idm314.apm.pt\/wp-content\/uploads\/2022\/12\/idm-ph-07.jpg\" alt=\"\" class=\"wp-image-42\" srcset=\"https:\/\/idm314.apm.pt\/wp-content\/uploads\/2022\/12\/idm-ph-07.jpg 800w, https:\/\/idm314.apm.pt\/wp-content\/uploads\/2022\/12\/idm-ph-07-300x225.jpg 300w, https:\/\/idm314.apm.pt\/wp-content\/uploads\/2022\/12\/idm-ph-07-768x576.jpg 768w\" sizes=\"auto, (max-width: 800px) 100vw, 800px\" \/><\/figure>\n<\/div>\n\n\n\n<div class=\"wp-block-column is-layout-flow wp-block-column-is-layout-flow\">\n<p>Todos precisam de matem\u00e1tica em todos os aspectos das suas vidas. N\u00e3o \u00e9 apenas para assuntos profissionais especializados; n\u00e3o \u00e9 apenas para aqueles que s\u00e3o supostamente dotados. \u00c9 para todos, todos os dias.<\/p>\n\n\n\n<p>Muitos v\u00eaem-se a si pr\u00f3prios como n\u00e3o matem\u00e1ticos ou que a matem\u00e1tica n\u00e3o \u00e9 para eles, mas \u00e9 para todos e todos s\u00e3o capazes de pensar matematicamente.<\/p>\n\n\n\n<p>O acesso \u00e0 matem\u00e1tica deve ser democratizado para todos. Porque tradicionalmente, acredita-se que \u00e9 apenas para aqueles que possuem certos tipos de capacidades de resolu\u00e7\u00e3o de problemas. E a investiga\u00e7\u00e3o, principalmente em Educa\u00e7\u00e3o Matem\u00e1tica, demonstrou que a Matem\u00e1tica \u00e9 obrigat\u00f3ria em todo o mundo porque contribui para a forma\u00e7\u00e3o de cidad\u00e3os competentes.<\/p>\n<\/div>\n<\/div>\n","protected":false},"excerpt":{"rendered":"<p>A 40\u00aa Confer\u00eancia Geral da UNESCO proclamou o 14 de Mar\u00e7o de cada ano como Dia Internacional da Matem\u00e1tica (40C\/Resolu\u00e7\u00e3o 30 de 26 de Novembro de 2019). Em muitos pa\u00edses, o 14 de Mar\u00e7o (3\/14) j\u00e1 foi celebrado como Dia Pi, pelo que a resolu\u00e7\u00e3o da UNESCO consolida o actual reconhecimento da matem\u00e1tica pelo seu&hellip;&nbsp;<a href=\"https:\/\/idm314.apm.pt\/\" rel=\"bookmark\"><span class=\"screen-reader-text\">IDM 314 | 2023<\/span><\/a><\/p>\n","protected":false},"author":1,"featured_media":0,"parent":0,"menu_order":0,"comment_status":"closed","ping_status":"open","template":"","meta":{"neve_meta_sidebar":"","neve_meta_container":"","neve_meta_enable_content_width":"","neve_meta_content_width":0,"neve_meta_title_alignment":"","neve_meta_author_avatar":"","neve_post_elements_order":"","neve_meta_disable_header":"","neve_meta_disable_footer":"","neve_meta_disable_title":"","footnotes":""},"class_list":["post-2","page","type-page","status-publish","hentry"],"_links":{"self":[{"href":"https:\/\/idm314.apm.pt\/index.php\/wp-json\/wp\/v2\/pages\/2","targetHints":{"allow":["GET"]}}],"collection":[{"href":"https:\/\/idm314.apm.pt\/index.php\/wp-json\/wp\/v2\/pages"}],"about":[{"href":"https:\/\/idm314.apm.pt\/index.php\/wp-json\/wp\/v2\/types\/page"}],"author":[{"embeddable":true,"href":"https:\/\/idm314.apm.pt\/index.php\/wp-json\/wp\/v2\/users\/1"}],"replies":[{"embeddable":true,"href":"https:\/\/idm314.apm.pt\/index.php\/wp-json\/wp\/v2\/comments?post=2"}],"version-history":[{"count":7,"href":"https:\/\/idm314.apm.pt\/index.php\/wp-json\/wp\/v2\/pages\/2\/revisions"}],"predecessor-version":[{"id":67,"href":"https:\/\/idm314.apm.pt\/index.php\/wp-json\/wp\/v2\/pages\/2\/revisions\/67"}],"wp:attachment":[{"href":"https:\/\/idm314.apm.pt\/index.php\/wp-json\/wp\/v2\/media?parent=2"}],"curies":[{"name":"wp","href":"https:\/\/api.w.org\/{rel}","templated":true}]}}